{"id":252,"date":"2018-02-09T11:42:37","date_gmt":"2018-02-09T11:42:37","guid":{"rendered":"https:\/\/demo.themegrill.com\/colormag-business-magazine\/?page_id=252"},"modified":"2022-06-06T11:54:26","modified_gmt":"2022-06-06T11:54:26","slug":"contact","status":"publish","type":"page","link":"https:\/\/yildiztozmetal.com\/index.php\/contact\/","title":{"rendered":"\u0130leti\u015fim"},"content":{"rendered":"<div class=\"contactItem\">\n<div class=\"item address\">\n<h5 class=\"icon\">Merkez Adres<\/h5>\n<div class=\"table\">\n<div class=\"row\">\n<div class=\"data\">Tokat Teknoloji Geli\u015ftirme B\u00f6lgesi<br \/>\nTokat Gaziosmanpa\u015fa \u00dcniversitesi<br \/>\nTa\u015fl\u0131\u00e7iftlik Yerle\u015fkesi 60250, Tokat<\/div>\n<\/div>\n<\/div>\n<\/div>\n<\/div>\n<div class=\"contactItem\">\n<div><\/div>\n<div class=\"item gsm\">\n<h5 class=\"icon\">K\u0131r\u015fehir \u015eube<\/h5>\n<div>Ankara Kayseri Cd. K\u0131ndam Mh. 2\/12\/1<\/div>\n<div>Merkez\/K\u0131r\u015fehir<\/div>\n<div><\/div>\n<div class=\"table\">\n<div class=\"row\">\n<div class=\"data\">GSM\u00a0\u00a0\u00a0\u00a0\u00a0\u00a0\u00a0\u00a0\u00a0\u00a0\u00a0\u00a0\u00a0\u00a0\u00a0\u00a0\u00a0 :0532 684 79 22<\/div>\n<\/div>\n<\/div>\n<\/div>\n<\/div>\n<div class=\"contactItem\">\n<div class=\"item mail\">\n<div class=\"icon\"><\/div>\n<div class=\"table\">\n<div class=\"row\">\n<div class=\"data\">e-mail adresi\u00a0\u00a0 : sy@yildiztozmetal.com<br \/>\nKep adresi\u00a0\u00a0 \u00a0 \u00a0 :<\/div>\n<\/div>\n<\/div>\n<\/div>\n<\/div>\n","protected":false},"excerpt":{"rendered":"<p>Merkez Adres Tokat Teknoloji Geli\u015ftirme B\u00f6lgesi Tokat Gaziosmanpa\u015fa \u00dcniversitesi Ta\u015fl\u0131\u00e7iftlik Yerle\u015fkesi 60250, Tokat K\u0131r\u015fehir \u015eube Ankara Kayseri Cd. K\u0131ndam Mh.<\/p>\n","protected":false},"author":1,"featured_media":0,"parent":0,"menu_order":0,"comment_status":"closed","ping_status":"closed","template":"page-templates\/contact.php","meta":{"footnotes":""},"class_list":["post-252","page","type-page","status-publish","hentry"],"yoast_head":"<!-- This site is optimized with the Yoast SEO plugin v19.0 - https:\/\/yoast.com\/wordpress\/plugins\/seo\/ -->\n<title>\u0130leti\u015fim - YILDIZ TOZ METAL<\/title>\n<meta name=\"robots\" content=\"index, follow, max-snippet:-1, max-image-preview:large, max-video-preview:-1\" \/>\n<link rel=\"canonical\" href=\"https:\/\/yildiztozmetal.com\/index.php\/contact\/\" \/>\n<meta property=\"og:locale\" content=\"tr_TR\" \/>\n<meta property=\"og:type\" content=\"article\" \/>\n<meta property=\"og:title\" content=\"\u0130leti\u015fim - YILDIZ TOZ METAL\" \/>\n<meta property=\"og:description\" content=\"Merkez Adres Tokat Teknoloji Geli\u015ftirme B\u00f6lgesi Tokat Gaziosmanpa\u015fa \u00dcniversitesi Ta\u015fl\u0131\u00e7iftlik Yerle\u015fkesi 60250, Tokat K\u0131r\u015fehir \u015eube Ankara Kayseri Cd. K\u0131ndam Mh.\" \/>\n<meta property=\"og:url\" content=\"https:\/\/yildiztozmetal.com\/index.php\/contact\/\" \/>\n<meta property=\"og:site_name\" content=\"YILDIZ TOZ METAL\" \/>\n<meta property=\"article:modified_time\" content=\"2022-06-06T11:54:26+00:00\" \/>\n<meta name=\"twitter:card\" content=\"summary_large_image\" \/>\n<script type=\"application\/ld+json\" class=\"yoast-schema-graph\">{\"@context\":\"https:\/\/schema.org\",\"@graph\":[{\"@type\":\"Organization\",\"@id\":\"https:\/\/yildiztozmetal.com\/#organization\",\"name\":\"YILDIZ TOZ METAL\",\"url\":\"https:\/\/yildiztozmetal.com\/\",\"sameAs\":[],\"logo\":{\"@type\":\"ImageObject\",\"inLanguage\":\"tr\",\"@id\":\"https:\/\/yildiztozmetal.com\/#\/schema\/logo\/image\/\",\"url\":\"https:\/\/yildiztozmetal.com\/wp-content\/uploads\/2022\/05\/cropped-cropped-cropped-cropped-Adsiz-1.png\",\"contentUrl\":\"https:\/\/yildiztozmetal.com\/wp-content\/uploads\/2022\/05\/cropped-cropped-cropped-cropped-Adsiz-1.png\",\"width\":512,\"height\":512,\"caption\":\"YILDIZ TOZ METAL\"},\"image\":{\"@id\":\"https:\/\/yildiztozmetal.com\/#\/schema\/logo\/image\/\"}},{\"@type\":\"WebSite\",\"@id\":\"https:\/\/yildiztozmetal.com\/#website\",\"url\":\"https:\/\/yildiztozmetal.com\/\",\"name\":\"YILDIZ TOZ METAL\",\"description\":\"End\u00fcstri i\u00e7in Metal Tozlar\u0131\",\"publisher\":{\"@id\":\"https:\/\/yildiztozmetal.com\/#organization\"},\"potentialAction\":[{\"@type\":\"SearchAction\",\"target\":{\"@type\":\"EntryPoint\",\"urlTemplate\":\"https:\/\/yildiztozmetal.com\/?s={search_term_string}\"},\"query-input\":\"required name=search_term_string\"}],\"inLanguage\":\"tr\"},{\"@type\":\"WebPage\",\"@id\":\"https:\/\/yildiztozmetal.com\/index.php\/contact\/#webpage\",\"url\":\"https:\/\/yildiztozmetal.com\/index.php\/contact\/\",\"name\":\"\u0130leti\u015fim - YILDIZ TOZ METAL\",\"isPartOf\":{\"@id\":\"https:\/\/yildiztozmetal.com\/#website\"},\"datePublished\":\"2018-02-09T11:42:37+00:00\",\"dateModified\":\"2022-06-06T11:54:26+00:00\",\"breadcrumb\":{\"@id\":\"https:\/\/yildiztozmetal.com\/index.php\/contact\/#breadcrumb\"},\"inLanguage\":\"tr\",\"potentialAction\":[{\"@type\":\"ReadAction\",\"target\":[\"https:\/\/yildiztozmetal.com\/index.php\/contact\/\"]}]},{\"@type\":\"BreadcrumbList\",\"@id\":\"https:\/\/yildiztozmetal.com\/index.php\/contact\/#breadcrumb\",\"itemListElement\":[{\"@type\":\"ListItem\",\"position\":1,\"name\":\"Anasayfa\",\"item\":\"https:\/\/yildiztozmetal.com\/\"},{\"@type\":\"ListItem\",\"position\":2,\"name\":\"\u0130leti\u015fim\"}]}]}<\/script>\n<!-- \/ Yoast SEO plugin. -->","yoast_head_json":{"title":"\u0130leti\u015fim - YILDIZ TOZ METAL","robots":{"index":"index","follow":"follow","max-snippet":"max-snippet:-1","max-image-preview":"max-image-preview:large","max-video-preview":"max-video-preview:-1"},"canonical":"https:\/\/yildiztozmetal.com\/index.php\/contact\/","og_locale":"tr_TR","og_type":"article","og_title":"\u0130leti\u015fim - YILDIZ TOZ METAL","og_description":"Merkez Adres Tokat Teknoloji Geli\u015ftirme B\u00f6lgesi Tokat Gaziosmanpa\u015fa \u00dcniversitesi Ta\u015fl\u0131\u00e7iftlik Yerle\u015fkesi 60250, Tokat K\u0131r\u015fehir \u015eube Ankara Kayseri Cd. K\u0131ndam Mh.","og_url":"https:\/\/yildiztozmetal.com\/index.php\/contact\/","og_site_name":"YILDIZ TOZ METAL","article_modified_time":"2022-06-06T11:54:26+00:00","twitter_card":"summary_large_image","schema":{"@context":"https:\/\/schema.org","@graph":[{"@type":"Organization","@id":"https:\/\/yildiztozmetal.com\/#organization","name":"YILDIZ TOZ METAL","url":"https:\/\/yildiztozmetal.com\/","sameAs":[],"logo":{"@type":"ImageObject","inLanguage":"tr","@id":"https:\/\/yildiztozmetal.com\/#\/schema\/logo\/image\/","url":"https:\/\/yildiztozmetal.com\/wp-content\/uploads\/2022\/05\/cropped-cropped-cropped-cropped-Adsiz-1.png","contentUrl":"https:\/\/yildiztozmetal.com\/wp-content\/uploads\/2022\/05\/cropped-cropped-cropped-cropped-Adsiz-1.png","width":512,"height":512,"caption":"YILDIZ TOZ METAL"},"image":{"@id":"https:\/\/yildiztozmetal.com\/#\/schema\/logo\/image\/"}},{"@type":"WebSite","@id":"https:\/\/yildiztozmetal.com\/#website","url":"https:\/\/yildiztozmetal.com\/","name":"YILDIZ TOZ METAL","description":"End\u00fcstri i\u00e7in Metal Tozlar\u0131","publisher":{"@id":"https:\/\/yildiztozmetal.com\/#organization"},"potentialAction":[{"@type":"SearchAction","target":{"@type":"EntryPoint","urlTemplate":"https:\/\/yildiztozmetal.com\/?s={search_term_string}"},"query-input":"required name=search_term_string"}],"inLanguage":"tr"},{"@type":"WebPage","@id":"https:\/\/yildiztozmetal.com\/index.php\/contact\/#webpage","url":"https:\/\/yildiztozmetal.com\/index.php\/contact\/","name":"\u0130leti\u015fim - YILDIZ TOZ METAL","isPartOf":{"@id":"https:\/\/yildiztozmetal.com\/#website"},"datePublished":"2018-02-09T11:42:37+00:00","dateModified":"2022-06-06T11:54:26+00:00","breadcrumb":{"@id":"https:\/\/yildiztozmetal.com\/index.php\/contact\/#breadcrumb"},"inLanguage":"tr","potentialAction":[{"@type":"ReadAction","target":["https:\/\/yildiztozmetal.com\/index.php\/contact\/"]}]},{"@type":"BreadcrumbList","@id":"https:\/\/yildiztozmetal.com\/index.php\/contact\/#breadcrumb","itemListElement":[{"@type":"ListItem","position":1,"name":"Anasayfa","item":"https:\/\/yildiztozmetal.com\/"},{"@type":"ListItem","position":2,"name":"\u0130leti\u015fim"}]}]}},"_links":{"self":[{"href":"https:\/\/yildiztozmetal.com\/index.php\/wp-json\/wp\/v2\/pages\/252","targetHints":{"allow":["GET"]}}],"collection":[{"href":"https:\/\/yildiztozmetal.com\/index.php\/wp-json\/wp\/v2\/pages"}],"about":[{"href":"https:\/\/yildiztozmetal.com\/index.php\/wp-json\/wp\/v2\/types\/page"}],"author":[{"embeddable":true,"href":"https:\/\/yildiztozmetal.com\/index.php\/wp-json\/wp\/v2\/users\/1"}],"replies":[{"embeddable":true,"href":"https:\/\/yildiztozmetal.com\/index.php\/wp-json\/wp\/v2\/comments?post=252"}],"version-history":[{"count":9,"href":"https:\/\/yildiztozmetal.com\/index.php\/wp-json\/wp\/v2\/pages\/252\/revisions"}],"predecessor-version":[{"id":407,"href":"https:\/\/yildiztozmetal.com\/index.php\/wp-json\/wp\/v2\/pages\/252\/revisions\/407"}],"wp:attachment":[{"href":"https:\/\/yildiztozmetal.com\/index.php\/wp-json\/wp\/v2\/media?parent=252"}],"curies":[{"name":"wp","href":"https:\/\/api.w.org\/{rel}","templated":true}]}}